{"id":1963,"date":"2016-02-22T15:55:25","date_gmt":"2016-02-22T15:55:25","guid":{"rendered":"http:\/\/demo.themelogi.com\/navian\/?page_id=1963"},"modified":"2024-01-26T13:09:37","modified_gmt":"2024-01-26T13:09:37","slug":"kontakt","status":"publish","type":"page","link":"https:\/\/www.ciesielstwoartystyczne.pl\/index.php\/pages\/kontakt\/","title":{"rendered":"Kontakt"},"content":{"rendered":"<div class=\"wpb-content-wrapper\"><p>[vc_row full_width=&#8221;stretch_row&#8221; css=&#8221;.vc_custom_1705782303447{background-color: #F0EDDF !important;}&#8221;][vc_column]<section style=\"background-color:#352f2a;\" id=\"single-69d0c86d9a6a8\" class=\"header-single vertical-flex m0 image-bg parallax pt240 pb240 pt-xs-80 pb-xs-80\" ><div class=\"background-content \"><img loading=\"lazy\" decoding=\"async\" width=\"1200\" height=\"900\" src=\"https:\/\/www.ciesielstwoartystyczne.pl\/wp-content\/uploads\/2024\/01\/IMG_20240118_172552_0.jpg\" class=\"background-image\" alt=\"page-header\" srcset=\"https:\/\/www.ciesielstwoartystyczne.pl\/wp-content\/uploads\/2024\/01\/IMG_20240118_172552_0.jpg 1200w, https:\/\/www.ciesielstwoartystyczne.pl\/wp-content\/uploads\/2024\/01\/IMG_20240118_172552_0-300x225.jpg 300w, https:\/\/www.ciesielstwoartystyczne.pl\/wp-content\/uploads\/2024\/01\/IMG_20240118_172552_0-1024x768.jpg 1024w, https:\/\/www.ciesielstwoartystyczne.pl\/wp-content\/uploads\/2024\/01\/IMG_20240118_172552_0-768x576.jpg 768w, https:\/\/www.ciesielstwoartystyczne.pl\/wp-content\/uploads\/2024\/01\/IMG_20240118_172552_0-600x450.jpg 600w, https:\/\/www.ciesielstwoartystyczne.pl\/wp-content\/uploads\/2024\/01\/IMG_20240118_172552_0-960x720.jpg 960w\" sizes=\"(max-width: 1200px) 100vw, 1200px\" \/><div style=\"background-color:rgba(178,178,178,0.01); opacity:0.85;background: linear-gradient(to right,rgba(178,178,178,0.01) 0%,rgba(177,136,87,0.45) 100%);opacity:0.9!important;\" class=\"background-overlay\"><\/div><\/div><div  class=\"container vertical-flex-column item-content \">\n\t\t\t            <div class=\"row\"><div class=\"standard-slide p0 col-lg-12 col-lg-offset-0 col-md-10 col-md-offset-1 col-sm-12 text-center\"><h1  class=\"heading-title-bold\">Skontaktuj si\u0119 z<cite> Nami<\/cite><\/h1><div  class=\"heading-content\"><p>Masz pytania, potrzebujesz indywidualnej wyceny, lub chcesz z\u0142o\u017cy\u0107 zam\u00f3wienie? Skontaktuj si\u0119 z nami! Jeste\u015bmy tutaj, aby pom\u00f3c i doradzi\u0107 w ka\u017cdej kwestii zwi\u0105zanej z naszymi us\u0142ugami i produktami.<\/p>\n<\/div>\n                <\/div><\/div><\/div><div class=\"align-bottom text-center \"><a style=\"font-size: 30px;color:#ffffff;\" id=\"btn-69d0c86d9a6a9\"  class=\" m0 btn-text ti-angle-down  btn-sm-sm \"  href= \"#main\"  ><\/a><\/div><\/section><script type=\"text\/javascript\">jQuery(document).ready(function(){jQuery('head').append('<style type=\"text\/css\" id=\"tlg-custom-css-single-69d0c86d9a6a8\">#btn-69d0c86d9a6a9:hover, #btn-69d0c86d9a6a9:focus{color:#ffffff!important;}<\/style>');});<\/script>[\/vc_column][\/vc_row][vc_row tlg_background_style=&#8221;bg-secondary&#8221; tlg_padding=&#8221;pb0&#8243; el_class=&#8221;contact-line&#8221; css=&#8221;.vc_custom_1706274574794{background-color: #f0eddf !important;}&#8221; el_id=&#8221;main&#8221;][vc_column width=&#8221;1\/2&#8243;]<div class=\"headings-title \"><div class=\"mb40 mb-xs-40 text-left\"><h5  class=\"widgettitle\">Stw\u00f3rzmy co\u015b wyj\u0105tkowego razem - skontaktuj si\u0119 z Nami!<\/h5><\/div><\/div>[\/vc_column][vc_column width=&#8221;1\/2&#8243;][\/vc_column][\/vc_row][vc_row tlg_background_style=&#8221;bg-secondary&#8221; tlg_padding=&#8221;pt0&#8243; el_class=&#8221;contact-line&#8221; css=&#8221;.vc_custom_1705782382955{background-color: #f0eddf !important;}&#8221;][vc_column width=&#8221;1\/2&#8243;][vc_column_text]Zostaw swoje dane w formularzu, a my odezwiemy si\u0119 do Ciebie w przeci\u0105gu 1-2 dni roboczych. Z niecierpliwo\u015bci\u0105 oczekujemy na mo\u017cliwo\u015b\u0107 wsp\u00f3\u0142pracy![\/vc_column_text]<div class=\" icon_title_list-content icon-list-large\"><ul class=\"icon_title_list\"><li><span class=\"inline-block mb8 mr-15\"><i style=\"color:#b18857;\" class=\"ti-location-pin  inline-block\"><\/i><\/span><span >Tartak 8C, 16-402 Suwa\u0142ki<\/span><\/li><li><span class=\"inline-block mb8 mr-15\"><i style=\"color:#b18857;\" class=\"ti-mobile  inline-block\"><\/i><\/span><span >+48 663329442, 601067151<\/span><\/li><li><span class=\"inline-block mb8 mr-15\"><i style=\"color:#b18857;\" class=\"fa fa-envelope  inline-block\"><\/i><\/span><span >m.goscinski.ciesielstwo.art@gmail.com<\/span><\/li><\/ul><\/div>[\/vc_column][vc_column width=&#8221;1\/2&#8243; css=&#8221;.vc_custom_1491983121937{padding-left: 8% !important;}&#8221;]\n<div class=\"wpcf7 no-js\" id=\"wpcf7-f681-o1\" lang=\"en-US\" dir=\"ltr\">\n<div class=\"screen-reader-response\"><p role=\"status\" aria-live=\"polite\" aria-atomic=\"true\"><\/p> <ul><\/ul><\/div>\n<form action=\"\/index.php\/wp-json\/wp\/v2\/pages\/1963#wpcf7-f681-o1\" method=\"post\" class=\"wpcf7-form init\" aria-label=\"Contact form\" novalidate=\"novalidate\" data-status=\"init\">\n<div style=\"display: none;\">\n<input type=\"hidden\" name=\"_wpcf7\" value=\"681\" \/>\n<input type=\"hidden\" name=\"_wpcf7_version\" value=\"5.9.7\" \/>\n<input type=\"hidden\" name=\"_wpcf7_locale\" value=\"en_US\" \/>\n<input type=\"hidden\" name=\"_wpcf7_unit_tag\" value=\"wpcf7-f681-o1\" \/>\n<input type=\"hidden\" name=\"_wpcf7_container_post\" value=\"0\" \/>\n<input type=\"hidden\" name=\"_wpcf7_posted_data_hash\" value=\"\" \/>\n<\/div>\n<div class=\"flat-input\">\n\t<div class=\"overflow-hidden\">\n\t\t<div class=\"half-column half-column-left\">\n\t\t\t<p><span class=\"wpcf7-form-control-wrap\" data-name=\"your-name\"><input size=\"40\" maxlength=\"400\" class=\"wpcf7-form-control wpcf7-text wpcf7-validates-as-required\" aria-required=\"true\" aria-invalid=\"false\" placeholder=\"Imie\" value=\"\" type=\"text\" name=\"your-name\" \/><\/span>\n\t\t\t<\/p>\n\t\t<\/div>\n\t\t<div class=\"half-column half-column-right\">\n\t\t\t<p><span class=\"wpcf7-form-control-wrap\" data-name=\"your-email\"><input size=\"40\" maxlength=\"400\" class=\"wpcf7-form-control wpcf7-email wpcf7-validates-as-required wpcf7-text wpcf7-validates-as-email\" aria-required=\"true\" aria-invalid=\"false\" placeholder=\"Adres email\" value=\"\" type=\"email\" name=\"your-email\" \/><\/span>\n\t\t\t<\/p>\n\t\t<\/div>\n\t<\/div>\n\t<div class=\"overflow-hidden\">\n\t\t<div class=\"half-column half-column-left\">\n\t\t\t<p><span class=\"wpcf7-form-control-wrap\" data-name=\"your-subject\"><input size=\"40\" maxlength=\"400\" class=\"wpcf7-form-control wpcf7-text wpcf7-validates-as-required\" aria-required=\"true\" aria-invalid=\"false\" placeholder=\"Temat\" value=\"\" type=\"text\" name=\"your-subject\" \/><\/span>\n\t\t\t<\/p>\n\t\t<\/div>\n\t\t<div class=\"half-column half-column-right\">\n\t\t\t<p><span class=\"wpcf7-form-control-wrap\" data-name=\"your-phone\"><input size=\"40\" maxlength=\"400\" class=\"wpcf7-form-control wpcf7-text\" aria-invalid=\"false\" placeholder=\"Numer telefonu\" value=\"\" type=\"text\" name=\"your-phone\" \/><\/span>\n\t\t\t<\/p>\n\t\t<\/div>\n\t<\/div>\n\t<p><span class=\"wpcf7-form-control-wrap\" data-name=\"your-message\"><textarea cols=\"40\" rows=\"10\" maxlength=\"2000\" class=\"wpcf7-form-control wpcf7-textarea\" aria-invalid=\"false\" placeholder=\"Wiadomo\u015b\u0107\" name=\"your-message\"><\/textarea><\/span>\n\t<\/p>\n\t<p><button type=\"submit\" class=\"wpcf7-submit wpcf7-submit-custom btn btn-filled btn-new ti-arrow-right\">Wy\u015blij wiadomo\u015b\u0107<\/button>\n\t<\/p>\n<\/div><div class=\"wpcf7-response-output\" aria-hidden=\"true\"><\/div>\n<\/form>\n<\/div>\n[\/vc_column][\/vc_row]<\/p>\n<\/div>","protected":false},"excerpt":{"rendered":"<p>[vc_row full_width=&#8221;stretch_row&#8221; css=&#8221;.vc_custom_1705782303447{background-color: #F0EDDF !important;}&#8221;][vc_column][\/vc_column][\/vc_row][vc_row tlg_background_style=&#8221;bg-secondary&#8221; tlg_padding=&#8221;pb0&#8243; el_class=&#8221;contact-line&#8221; css=&#8221;.vc_custom_1706274574794{background-color: #f0eddf !important;}&#8221; el_id=&#8221;main&#8221;][vc_column width=&#8221;1\/2&#8243;][\/vc_column][vc_column width=&#8221;1\/2&#8243;][\/vc_column][\/vc_row][vc_row tlg_background_style=&#8221;bg-secondary&#8221; tlg_padding=&#8221;pt0&#8243; el_class=&#8221;contact-line&#8221; css=&#8221;.vc_custom_1705782382955{background-color: #f0eddf !important;}&#8221;][vc_column width=&#8221;1\/2&#8243;][vc_column_text]Zostaw swoje dane w formularzu, a my odezwiemy si\u0119 do Ciebie w przeci\u0105gu 1-2 dni roboczych. Z niecierpliwo\u015bci\u0105 oczekujemy na mo\u017cliwo\u015b\u0107 wsp\u00f3\u0142pracy![\/vc_column_text][\/vc_column][vc_column width=&#8221;1\/2&#8243; css=&#8221;.vc_custom_1491983121937{padding-left: 8% !important;}&#8221;][\/vc_column][\/vc_row]<\/p>\n","protected":false},"author":1,"featured_media":0,"parent":1951,"menu_order":0,"comment_status":"closed","ping_status":"closed","template":"","meta":{"footnotes":""},"_links":{"self":[{"href":"https:\/\/www.ciesielstwoartystyczne.pl\/index.php\/wp-json\/wp\/v2\/pages\/1963"}],"collection":[{"href":"https:\/\/www.ciesielstwoartystyczne.pl\/index.php\/wp-json\/wp\/v2\/pages"}],"about":[{"href":"https:\/\/www.ciesielstwoartystyczne.pl\/index.php\/wp-json\/wp\/v2\/types\/page"}],"author":[{"embeddable":true,"href":"https:\/\/www.ciesielstwoartystyczne.pl\/index.php\/wp-json\/wp\/v2\/users\/1"}],"replies":[{"embeddable":true,"href":"https:\/\/www.ciesielstwoartystyczne.pl\/index.php\/wp-json\/wp\/v2\/comments?post=1963"}],"version-history":[{"count":37,"href":"https:\/\/www.ciesielstwoartystyczne.pl\/index.php\/wp-json\/wp\/v2\/pages\/1963\/revisions"}],"predecessor-version":[{"id":9315,"href":"https:\/\/www.ciesielstwoartystyczne.pl\/index.php\/wp-json\/wp\/v2\/pages\/1963\/revisions\/9315"}],"up":[{"embeddable":true,"href":"https:\/\/www.ciesielstwoartystyczne.pl\/index.php\/wp-json\/wp\/v2\/pages\/1951"}],"wp:attachment":[{"href":"https:\/\/www.ciesielstwoartystyczne.pl\/index.php\/wp-json\/wp\/v2\/media?parent=1963"}],"curies":[{"name":"wp","href":"https:\/\/api.w.org\/{rel}","templated":true}]}}